{"id":130,"date":"2016-08-25T13:09:32","date_gmt":"2016-08-25T11:09:32","guid":{"rendered":"https:\/\/www.linkbus-alps.com\/en\/aeroport-de-turin-serre-chevalier\/"},"modified":"2026-04-02T15:53:50","modified_gmt":"2026-04-02T13:53:50","slug":"turin-airport","status":"publish","type":"page","link":"https:\/\/www.linkbus-alps.com\/en\/turin-airport\/","title":{"rendered":"#LINK1 | Turin airport shuttle &lt;&gt; Montgen\u00e8vre &lt;&gt; Brian\u00e7on - Serre Chevalier"},"content":{"rendered":"\n<p class=\"has-text-align-center\"><strong>From Turin airport, Linkbus provides direct, no-change shuttle services between Turin international airport (Sandro Pertini di Caselle) and the Montgen\u00e8vre, Brian\u00e7on and Serre Chevalier ski resorts.<\/strong><\/p>\n\n<div style=\"height:27px\" aria-hidden=\"true\" class=\"wp-block-spacer\"><\/div>\n\n<div class=\"wp-block-buttons is-content-justification-center is-layout-flex wp-container-1 wp-block-buttons-is-layout-flex\" style=\"font-style:normal;font-weight:400\">\n<div class=\"wp-block-button is-style-fill\"><a class=\"wp-block-button__link has-white-color has-text-color has-background has-text-align-center wp-element-button\" href=\"https:\/\/www.linkbus-alps.com\/wp-content\/uploads\/2025\/09\/Link1-TURIN_HORAIRES_web.pdf\" style=\"background-color:#1b365f\">CHECK THE SCHEDULE #LINK1<\/a><\/div>\n<\/div>\n\n<figure class=\"wp-block-image size-large\"><img decoding=\"async\" loading=\"lazy\" width=\"1024\" height=\"281\" src=\"https:\/\/www.linkbus-alps.com\/wp-content\/uploads\/2024\/08\/link1-thermometre-turin_Plan-de-travail-1-1024x281.png\" alt=\"\" class=\"wp-image-81304\" srcset=\"https:\/\/www.linkbus-alps.com\/wp-content\/uploads\/2024\/08\/link1-thermometre-turin_Plan-de-travail-1-1024x281.png 1024w, https:\/\/www.linkbus-alps.com\/wp-content\/uploads\/2024\/08\/link1-thermometre-turin_Plan-de-travail-1-300x82.png 300w, https:\/\/www.linkbus-alps.com\/wp-content\/uploads\/2024\/08\/link1-thermometre-turin_Plan-de-travail-1-768x211.png 768w, https:\/\/www.linkbus-alps.com\/wp-content\/uploads\/2024\/08\/link1-thermometre-turin_Plan-de-travail-1-1536x422.png 1536w, https:\/\/www.linkbus-alps.com\/wp-content\/uploads\/2024\/08\/link1-thermometre-turin_Plan-de-travail-1-2048x562.png 2048w, https:\/\/www.linkbus-alps.com\/wp-content\/uploads\/2024\/08\/link1-thermometre-turin_Plan-de-travail-1-360x99.png 360w, https:\/\/www.linkbus-alps.com\/wp-content\/uploads\/2024\/08\/link1-thermometre-turin_Plan-de-travail-1-480x132.png 480w, https:\/\/www.linkbus-alps.com\/wp-content\/uploads\/2024\/08\/link1-thermometre-turin_Plan-de-travail-1-1200x329.png 1200w, https:\/\/www.linkbus-alps.com\/wp-content\/uploads\/2024\/08\/link1-thermometre-turin_Plan-de-travail-1-600x165.png 600w\" sizes=\"(max-width: 1024px) 100vw, 1024px\" \/><\/figure>\n\n<div style=\"height:16px\" aria-hidden=\"true\" class=\"wp-block-spacer\"><\/div>\n\n<div class=\"wp-block-group is-layout-constrained wp-block-group-is-layout-constrained\"><div class=\"wp-block-group__inner-container\">\n<h2 class=\"wp-block-heading\">Turin Caselle Airport<\/h2>\n\n\n\n<p>Landing at Turin airport is a convenient way to get to the ski resorts of the Brian\u00e7onnais, provided you can find a reliable and economical way to cover the kilometers between the airport and your rental.<\/p>\n\n\n\n<div style=\"height:16px\" aria-hidden=\"true\" class=\"wp-block-spacer\"><\/div>\n\n\n\n<p class=\"has-text-align-center\"><em>  Look no further than Linkbus!<\/em><\/p>\n<\/div><\/div>\n\n<div class=\"wp-block-group is-layout-constrained wp-block-group-is-layout-constrained\"><div class=\"wp-block-group__inner-container\">\n<div style=\"height:16px\" aria-hidden=\"true\" class=\"wp-block-spacer\"><\/div>\n\n\n\n<hr class=\"wp-block-separator has-alpha-channel-opacity\"\/>\n<\/div><\/div>\n\n<div class=\"wp-block-group is-layout-constrained wp-block-group-is-layout-constrained\"><div class=\"wp-block-group__inner-container\">\n<h2 class=\"wp-block-heading\">\u2192 Rates<\/h2>\n\n\n\n<div style=\"height:16px\" aria-hidden=\"true\" class=\"wp-block-spacer\"><\/div>\n\n\n\n<div class=\"wp-block-columns is-layout-flex wp-container-6 wp-block-columns-is-layout-flex\">\n<div class=\"wp-block-column is-vertically-aligned-center is-layout-flow wp-block-column-is-layout-flow\">\n<figure class=\"wp-block-table aligncenter is-style-stripes\" style=\"font-style:normal;font-weight:600\"><table class=\"has-white-background-color has-background\"><thead><tr><th class=\"has-text-align-center\" data-align=\"center\">\u2192 <em>Since<\/em><\/th><th class=\"has-text-align-center\" data-align=\"center\"><em>  \/ to  <\/em><\/th><th class=\"has-text-align-center\" data-align=\"center\"><em>Montgen\u00e8vre<\/em><\/th><\/tr><tr><th class=\"has-text-align-center\" data-align=\"center\"> <\/th><th class=\"has-text-align-center\" data-align=\"center\">ADULT<\/th><th class=\"has-text-align-center\" data-align=\"center\">CHILD<\/th><\/tr><\/thead><tbody><tr><td class=\"has-text-align-center\" data-align=\"center\">TURIN<\/td><td class=\"has-text-align-center\" data-align=\"center\">23\u20ac<\/td><td class=\"has-text-align-center\" data-align=\"center\">15\u20ac<\/td><\/tr><tr><td class=\"has-text-align-center\" data-align=\"center\"><\/td><td class=\"has-text-align-center\" data-align=\"center\"><\/td><td class=\"has-text-align-center\" data-align=\"center\"><\/td><\/tr><\/tbody><\/table><\/figure>\n<\/div>\n\n\n\n<div class=\"wp-block-column is-vertically-aligned-center is-layout-flow wp-block-column-is-layout-flow\">\n<figure class=\"wp-block-table aligncenter is-style-stripes\" style=\"font-style:normal;font-weight:600\"><table class=\"has-white-background-color has-background\"><thead><tr><th class=\"has-text-align-center\" data-align=\"center\">\u2192 <em>From \/ to <\/em> <\/th><th class=\"has-text-align-center\" data-align=\"center\"><em>Greenhouse<\/em><\/th><th class=\"has-text-align-center\" data-align=\"center\"><em>Chevalier<\/em><\/th><\/tr><tr><th class=\"has-text-align-center\" data-align=\"center\"> <\/th><th class=\"has-text-align-center\" data-align=\"center\">ADULT<\/th><th class=\"has-text-align-center\" data-align=\"center\">CHILD<\/th><\/tr><\/thead><tbody><tr><td class=\"has-text-align-center\" data-align=\"center\">TURIN<\/td><td class=\"has-text-align-center\" data-align=\"center\">33\u20ac<\/td><td class=\"has-text-align-center\" data-align=\"center\">23\u20ac<\/td><\/tr><tr><td class=\"has-text-align-center\" data-align=\"center\"><\/td><td class=\"has-text-align-center\" data-align=\"center\"><\/td><td class=\"has-text-align-center\" data-align=\"center\"><\/td><\/tr><\/tbody><\/table><\/figure>\n<\/div>\n<\/div>\n<\/div><\/div>\n\n<div style=\"height:16px\" aria-hidden=\"true\" class=\"wp-block-spacer\"><\/div>\n\n<div class=\"wp-block-buttons is-content-justification-center is-layout-flex wp-container-8 wp-block-buttons-is-layout-flex\" style=\"font-style:normal;font-weight:400\">\n<div class=\"wp-block-button is-style-fill\"><a class=\"wp-block-button__link has-white-color has-text-color has-background has-text-align-center wp-element-button\" href=\"https:\/\/www.linkbus-alps.com\/wp-content\/uploads\/2025\/09\/DEPLIANT-LINKBUS-26_web.pdf\" style=\"background-color:#1b365f\">FOR MORE INFORMATION: DOWNLOAD THE BROCHURE!<\/a><\/div>\n<\/div>\n\n<div style=\"height:16px\" aria-hidden=\"true\" class=\"wp-block-spacer\"><\/div>\n\n<hr class=\"wp-block-separator has-alpha-channel-opacity\"\/>\n\n<h2 class=\"wp-block-heading\">Where can you find us at Turin airport?<\/h2>\n\n<figure class=\"wp-block-image size-large\"><img decoding=\"async\" loading=\"lazy\" width=\"1024\" height=\"415\" src=\"https:\/\/www.linkbus-alps.com\/wp-content\/uploads\/2018\/11\/plan-aeroport-turin-2026-01-1024x415.png\" alt=\"\" class=\"wp-image-100749\" srcset=\"https:\/\/www.linkbus-alps.com\/wp-content\/uploads\/2018\/11\/plan-aeroport-turin-2026-01-1024x415.png 1024w, https:\/\/www.linkbus-alps.com\/wp-content\/uploads\/2018\/11\/plan-aeroport-turin-2026-01-300x122.png 300w, https:\/\/www.linkbus-alps.com\/wp-content\/uploads\/2018\/11\/plan-aeroport-turin-2026-01-768x312.png 768w, https:\/\/www.linkbus-alps.com\/wp-content\/uploads\/2018\/11\/plan-aeroport-turin-2026-01-1536x623.png 1536w, https:\/\/www.linkbus-alps.com\/wp-content\/uploads\/2018\/11\/plan-aeroport-turin-2026-01-2048x831.png 2048w, https:\/\/www.linkbus-alps.com\/wp-content\/uploads\/2018\/11\/plan-aeroport-turin-2026-01-360x146.png 360w, https:\/\/www.linkbus-alps.com\/wp-content\/uploads\/2018\/11\/plan-aeroport-turin-2026-01-480x195.png 480w, https:\/\/www.linkbus-alps.com\/wp-content\/uploads\/2018\/11\/plan-aeroport-turin-2026-01-1200x487.png 1200w, https:\/\/www.linkbus-alps.com\/wp-content\/uploads\/2018\/11\/plan-aeroport-turin-2026-01-600x243.png 600w\" sizes=\"(max-width: 1024px) 100vw, 1024px\" \/><\/figure>\n\n<p class=\"has-text-align-center\">Rendez-vous \u00e0 l'\u00e9tage de D\u00e9part, sortez du batiment, \u00e0 l'ext\u00e9rieur, passez \u00e0 c\u00f4t\u00e9 des taxis et traverser pour rejoindre votre Linkbus<\/p>\n\n<div style=\"height:20px\" aria-hidden=\"true\" class=\"wp-block-spacer\"><\/div>\n\n<div class=\"wp-block-buttons is-content-justification-center is-layout-flex wp-container-9 wp-block-buttons-is-layout-flex\" style=\"font-style:normal;font-weight:400\">\n<div class=\"wp-block-button is-style-fill\"><a class=\"wp-block-button__link has-white-color has-text-color has-background has-text-align-center wp-element-button\" href=\"https:\/\/www.aeroportoditorino.it\/en\/tomove\/parking-transport\/parking\/maps-fees\" style=\"background-color:#1b365f\" target=\"_blank\" rel=\"noreferrer noopener\">TURIN AIRPORT<\/a><\/div>\n<\/div>\n","protected":false},"excerpt":{"rendered":"<p class=\"excerpt\">From Turin airport, Linkbus provides direct, no-change shuttle services between Turin international airport (Sandro Pertini di Caselle) and the Montgen\u00e8vre, [&hellip;]<\/p>\n","protected":false},"author":1,"featured_media":0,"parent":0,"menu_order":1,"comment_status":"closed","ping_status":"closed","template":"","meta":{"footnotes":""},"aioseo_notices":[],"_links":{"self":[{"href":"https:\/\/www.linkbus-alps.com\/en\/wp-json\/wp\/v2\/pages\/130"}],"collection":[{"href":"https:\/\/www.linkbus-alps.com\/en\/wp-json\/wp\/v2\/pages"}],"about":[{"href":"https:\/\/www.linkbus-alps.com\/en\/wp-json\/wp\/v2\/types\/page"}],"author":[{"embeddable":true,"href":"https:\/\/www.linkbus-alps.com\/en\/wp-json\/wp\/v2\/users\/1"}],"replies":[{"embeddable":true,"href":"https:\/\/www.linkbus-alps.com\/en\/wp-json\/wp\/v2\/comments?post=130"}],"version-history":[{"count":328,"href":"https:\/\/www.linkbus-alps.com\/en\/wp-json\/wp\/v2\/pages\/130\/revisions"}],"predecessor-version":[{"id":111108,"href":"https:\/\/www.linkbus-alps.com\/en\/wp-json\/wp\/v2\/pages\/130\/revisions\/111108"}],"wp:attachment":[{"href":"https:\/\/www.linkbus-alps.com\/en\/wp-json\/wp\/v2\/media?parent=130"}],"curies":[{"name":"wp","href":"https:\/\/api.w.org\/{rel}","templated":true}]}}