{"id":501,"date":"2016-10-18T14:55:51","date_gmt":"2016-10-18T12:55:51","guid":{"rendered":"https:\/\/www.linkbus-alps.com\/en\/?page_id=501"},"modified":"2024-08-21T17:57:54","modified_gmt":"2024-08-21T15:57:54","slug":"linkbus-2","status":"publish","type":"page","link":"https:\/\/www.linkbus-alps.com\/en\/linkbus-2\/","title":{"rendered":"LINKBUS I Who we are"},"content":{"rendered":"\n<div class=\"wp-block-columns are-vertically-aligned-top is-not-stacked-on-mobile is-layout-flex wp-container-3 wp-block-columns-is-layout-flex\">\n<div class=\"wp-block-column is-vertically-aligned-top is-layout-flow wp-block-column-is-layout-flow\" style=\"flex-basis:30%\">\n<figure class=\"wp-block-image size-large is-resized\"><img decoding=\"async\" loading=\"lazy\" width=\"543\" height=\"1024\" src=\"https:\/\/www.linkbus-alps.com\/wp-content\/uploads\/2024\/07\/page-histoire-LINKBUS-24-02-2-543x1024.png\" alt=\"\" class=\"wp-image-80344\" style=\"aspect-ratio:0.5302734375;width:235px;height:auto\" srcset=\"https:\/\/www.linkbus-alps.com\/wp-content\/uploads\/2024\/07\/page-histoire-LINKBUS-24-02-2-543x1024.png 543w, https:\/\/www.linkbus-alps.com\/wp-content\/uploads\/2024\/07\/page-histoire-LINKBUS-24-02-2-600x1131.png 600w, https:\/\/www.linkbus-alps.com\/wp-content\/uploads\/2024\/07\/page-histoire-LINKBUS-24-02-2-159x300.png 159w, https:\/\/www.linkbus-alps.com\/wp-content\/uploads\/2024\/07\/page-histoire-LINKBUS-24-02-2-360x679.png 360w, https:\/\/www.linkbus-alps.com\/wp-content\/uploads\/2024\/07\/page-histoire-LINKBUS-24-02-2-480x905.png 480w, https:\/\/www.linkbus-alps.com\/wp-content\/uploads\/2024\/07\/page-histoire-LINKBUS-24-02-2.png 673w\" sizes=\"(max-width: 543px) 100vw, 543px\" \/><\/figure>\n<\/div>\n\n\n\n<div class=\"wp-block-column is-vertically-aligned-center is-layout-flow wp-block-column-is-layout-flow\" style=\"flex-basis:70%\">\n<p>LINKBUS a \u00e9t\u00e9 fond\u00e9 en 2016 par le groupe RESALP. Situ\u00e9e au c\u0153ur du Grand Brian\u00e7onnais, l'entreprise RESALP propose des services de transport en autocar r\u00e9pondant \u00e0 toutes vos demandes. Depuis sa cr\u00e9ation en 1986 par Jean-Claude Busca, l'entreprise n'a cess\u00e9 de d\u00e9velopper son activit\u00e9 et son expertise. <\/p>\n\n\n\n<p>Aujourd'hui, RESALP est dirig\u00e9e par son fils, Nicolas.<\/p>\n<\/div>\n<\/div>\n\n\n\n<div class=\"wp-block-columns is-not-stacked-on-mobile is-layout-flex wp-container-6 wp-block-columns-is-layout-flex\">\n<div class=\"wp-block-column is-layout-flow wp-block-column-is-layout-flow\" style=\"flex-basis:30%\">\n<figure class=\"wp-block-image size-large is-resized\"><img decoding=\"async\" loading=\"lazy\" width=\"543\" height=\"1024\" src=\"https:\/\/www.linkbus-alps.com\/wp-content\/uploads\/2024\/07\/page-histoire-LINKBUS-24-07-543x1024.png\" alt=\"\" class=\"wp-image-80652\" style=\"aspect-ratio:0.5302734375;width:235px;height:auto\" srcset=\"https:\/\/www.linkbus-alps.com\/wp-content\/uploads\/2024\/07\/page-histoire-LINKBUS-24-07-543x1024.png 543w, https:\/\/www.linkbus-alps.com\/wp-content\/uploads\/2024\/07\/page-histoire-LINKBUS-24-07-600x1131.png 600w, https:\/\/www.linkbus-alps.com\/wp-content\/uploads\/2024\/07\/page-histoire-LINKBUS-24-07-159x300.png 159w, https:\/\/www.linkbus-alps.com\/wp-content\/uploads\/2024\/07\/page-histoire-LINKBUS-24-07-768x1448.png 768w, https:\/\/www.linkbus-alps.com\/wp-content\/uploads\/2024\/07\/page-histoire-LINKBUS-24-07-815x1536.png 815w, https:\/\/www.linkbus-alps.com\/wp-content\/uploads\/2024\/07\/page-histoire-LINKBUS-24-07-1087x2048.png 1087w, https:\/\/www.linkbus-alps.com\/wp-content\/uploads\/2024\/07\/page-histoire-LINKBUS-24-07-360x679.png 360w, https:\/\/www.linkbus-alps.com\/wp-content\/uploads\/2024\/07\/page-histoire-LINKBUS-24-07-480x905.png 480w, https:\/\/www.linkbus-alps.com\/wp-content\/uploads\/2024\/07\/page-histoire-LINKBUS-24-07-1024x1930.png 1024w, https:\/\/www.linkbus-alps.com\/wp-content\/uploads\/2024\/07\/page-histoire-LINKBUS-24-07-1200x2262.png 1200w, https:\/\/www.linkbus-alps.com\/wp-content\/uploads\/2024\/07\/page-histoire-LINKBUS-24-07.png 1346w\" sizes=\"(max-width: 543px) 100vw, 543px\" \/><\/figure>\n<\/div>\n\n\n\n<div class=\"wp-block-column is-vertically-aligned-center is-layout-flow wp-block-column-is-layout-flow\" style=\"flex-basis:70%\">\n<h4 class=\"wp-block-heading has-text-align-left\"><strong>The <a href=\"https:\/\/www.autocars-resalp.com\/\" target=\"_blank\" rel=\"noopener\" title=\"RESALP\">RESALP<\/a> group's mission is to enhance the attractiveness of our region and actively contribute to opening it up.\nThis commitment guides our every action, taking you from the airports to the ski slopes. <\/strong><\/h4>\n\n\n\n<p class=\"has-text-align-left\">With a passionate and competent team, from administrative staff to drivers, everyone contributes their skills and differences with a single goal in mind: quality.  <strong>In 2023, the company will employ 130 people in peak season, including 110 drivers.<\/strong><\/p>\n<\/div>\n<\/div>\n\n\n\n<h2 class=\"wp-block-heading has-text-align-center\">A passionate team!<\/h2>\n\n\n\n<hr class=\"wp-block-separator has-alpha-channel-opacity\"\/>\n\n\n\n<h2 class=\"wp-block-heading has-text-align-center\"><strong>Nicolas Busca - Chairman and CEO<\/strong><\/h2>\n\n\n\n<div class=\"wp-block-columns is-layout-flex wp-container-9 wp-block-columns-is-layout-flex\">\n<div class=\"wp-block-column is-vertically-aligned-center is-layout-flow wp-block-column-is-layout-flow\">\n<p class=\"has-text-align-left\">Nicolas began his career as a professional firefighter in June 2001.\nHe subsequently obtained his professional training certificate as a road driver, passenger option, as well as his C and D licenses.   <\/p>\n\n\n\n<p class=\"has-text-align-left\">These qualifications enabled him to work at Resalp as a driver, supporting his father's business and reinforcing his skills and expertise in the transport field.\nIn March 2007, he took over the management of the company from his father. <\/p>\n\n\n\n<p class=\"has-text-align-left\">Resalp's growth has been driven mainly by its collaboration with the Clar\u00e9e valley's town councils on the school bus service, and by the introduction of new services such as the Skibus in the Serre Chevalier valley.  <\/p>\n\n\n\n<p class=\"has-text-align-left\">The company began contributing to the region's tourism development with its shuttles.<\/p>\n<\/div>\n\n\n\n<div class=\"wp-block-column is-vertically-aligned-center is-layout-flow wp-block-column-is-layout-flow\"><div class=\"wp-block-image\">\n<figure class=\"alignright size-large is-resized\"><img decoding=\"async\" loading=\"lazy\" width=\"978\" height=\"1024\" src=\"https:\/\/www.linkbus-alps.com\/wp-content\/uploads\/2024\/07\/page-histoire-LINKBUS-24-03-2-978x1024.png\" alt=\"\" class=\"wp-image-80577\" style=\"width:400px\" srcset=\"https:\/\/www.linkbus-alps.com\/wp-content\/uploads\/2024\/07\/page-histoire-LINKBUS-24-03-2-978x1024.png 978w, https:\/\/www.linkbus-alps.com\/wp-content\/uploads\/2024\/07\/page-histoire-LINKBUS-24-03-2-600x628.png 600w, https:\/\/www.linkbus-alps.com\/wp-content\/uploads\/2024\/07\/page-histoire-LINKBUS-24-03-2-287x300.png 287w, https:\/\/www.linkbus-alps.com\/wp-content\/uploads\/2024\/07\/page-histoire-LINKBUS-24-03-2-768x804.png 768w, https:\/\/www.linkbus-alps.com\/wp-content\/uploads\/2024\/07\/page-histoire-LINKBUS-24-03-2-360x377.png 360w, https:\/\/www.linkbus-alps.com\/wp-content\/uploads\/2024\/07\/page-histoire-LINKBUS-24-03-2-480x503.png 480w, https:\/\/www.linkbus-alps.com\/wp-content\/uploads\/2024\/07\/page-histoire-LINKBUS-24-03-2-1024x1072.png 1024w, https:\/\/www.linkbus-alps.com\/wp-content\/uploads\/2024\/07\/page-histoire-LINKBUS-24-03-2-1200x1256.png 1200w, https:\/\/www.linkbus-alps.com\/wp-content\/uploads\/2024\/07\/page-histoire-LINKBUS-24-03-2.png 1212w\" sizes=\"(max-width: 978px) 100vw, 978px\" \/><\/figure><\/div><\/div>\n<\/div>\n\n\n\n<h2 class=\"wp-block-heading has-text-align-center\"><strong>Laure Busca - Sales Manager<\/strong><\/h2>\n\n\n\n<div class=\"wp-block-group is-layout-constrained wp-block-group-is-layout-constrained\"><div class=\"wp-block-group__inner-container\">\n<p class=\"has-text-align-center\"><em>Laure joined the RESALP team in July 2013<\/em><\/p>\n<\/div><\/div>\n\n\n\n<div style=\"height:20px\" aria-hidden=\"true\" class=\"wp-block-spacer\"><\/div>\n\n\n\n<div class=\"wp-block-columns is-layout-flex wp-container-13 wp-block-columns-is-layout-flex\">\n<div class=\"wp-block-column is-vertically-aligned-center is-layout-flow wp-block-column-is-layout-flow\">\n<figure class=\"wp-block-image size-large is-resized\"><img decoding=\"async\" loading=\"lazy\" width=\"981\" height=\"1024\" src=\"https:\/\/www.linkbus-alps.com\/wp-content\/uploads\/2024\/07\/page-histoire-LINKBUS-24-03-01-981x1024.png\" alt=\"\" class=\"wp-image-80567\" style=\"width:400px\" srcset=\"https:\/\/www.linkbus-alps.com\/wp-content\/uploads\/2024\/07\/page-histoire-LINKBUS-24-03-01-981x1024.png 981w, https:\/\/www.linkbus-alps.com\/wp-content\/uploads\/2024\/07\/page-histoire-LINKBUS-24-03-01-600x626.png 600w, https:\/\/www.linkbus-alps.com\/wp-content\/uploads\/2024\/07\/page-histoire-LINKBUS-24-03-01-288x300.png 288w, https:\/\/www.linkbus-alps.com\/wp-content\/uploads\/2024\/07\/page-histoire-LINKBUS-24-03-01-768x801.png 768w, https:\/\/www.linkbus-alps.com\/wp-content\/uploads\/2024\/07\/page-histoire-LINKBUS-24-03-01-360x376.png 360w, https:\/\/www.linkbus-alps.com\/wp-content\/uploads\/2024\/07\/page-histoire-LINKBUS-24-03-01-480x501.png 480w, https:\/\/www.linkbus-alps.com\/wp-content\/uploads\/2024\/07\/page-histoire-LINKBUS-24-03-01-1024x1068.png 1024w, https:\/\/www.linkbus-alps.com\/wp-content\/uploads\/2024\/07\/page-histoire-LINKBUS-24-03-01.png 1176w\" sizes=\"(max-width: 981px) 100vw, 981px\" \/><\/figure>\n<\/div>\n\n\n\n<div class=\"wp-block-column is-vertically-aligned-center is-layout-flow wp-block-column-is-layout-flow\">\n<p>Responsible for sales, quotations and orders, customer relations and market development.\nSurrounded by a professional and competent sales team, she also oversees the company's communication, marketing and webmarketing initiatives, and manages partnerships. <\/p>\n\n\n\n<div style=\"height:15px\" aria-hidden=\"true\" class=\"wp-block-spacer\"><\/div>\n\n\n\n<p><em>\"Our sales team is here for all your requests; Contact us?\"<\/em><\/p>\n<\/div>\n<\/div>\n\n\n\n<div class=\"wp-block-group is-layout-constrained wp-block-group-is-layout-constrained\"><div class=\"wp-block-group__inner-container\">\n<h2 class=\"wp-block-heading has-text-align-center\"><strong>Muriel Tristant - Operations Manager<br>&amp; Human Resources<\/strong><\/h2>\n\n\n\n<p class=\"has-text-align-center\"><em>Muriel joined the RESALP team in July 2007<\/em><\/p>\n<\/div><\/div>\n\n\n\n<div class=\"wp-block-columns is-layout-flex wp-container-17 wp-block-columns-is-layout-flex\">\n<div class=\"wp-block-column is-vertically-aligned-center is-layout-flow wp-block-column-is-layout-flow\">\n<p class=\"has-text-align-left\">Its mission is to implement the Resalp Group's HR policy strategy, and to anticipate the human and social impacts of the Group's changes and developments.<\/p>\n\n\n\n<p class=\"has-text-align-left\">It is responsible for managing the workforce and personnel, and handles the administrative and regulatory aspects associated with the presence of employees.<\/p>\n\n\n\n<p class=\"has-text-align-left\">She leads operational missions with the help of her teammates.<\/p>\n<\/div>\n\n\n\n<div class=\"wp-block-column is-vertically-aligned-center is-layout-flow wp-block-column-is-layout-flow\"><div class=\"wp-block-image\">\n<figure class=\"alignright size-large is-resized\"><img decoding=\"async\" loading=\"lazy\" width=\"976\" height=\"1024\" src=\"https:\/\/www.linkbus-alps.com\/wp-content\/uploads\/2024\/07\/page-histoire-LINKBUS-24-05-976x1024.png\" alt=\"\" class=\"wp-image-80537\" style=\"width:400px\" srcset=\"https:\/\/www.linkbus-alps.com\/wp-content\/uploads\/2024\/07\/page-histoire-LINKBUS-24-05-976x1024.png 976w, https:\/\/www.linkbus-alps.com\/wp-content\/uploads\/2024\/07\/page-histoire-LINKBUS-24-05-600x630.png 600w, https:\/\/www.linkbus-alps.com\/wp-content\/uploads\/2024\/07\/page-histoire-LINKBUS-24-05-286x300.png 286w, https:\/\/www.linkbus-alps.com\/wp-content\/uploads\/2024\/07\/page-histoire-LINKBUS-24-05-768x806.png 768w, https:\/\/www.linkbus-alps.com\/wp-content\/uploads\/2024\/07\/page-histoire-LINKBUS-24-05-360x378.png 360w, https:\/\/www.linkbus-alps.com\/wp-content\/uploads\/2024\/07\/page-histoire-LINKBUS-24-05-480x504.png 480w, https:\/\/www.linkbus-alps.com\/wp-content\/uploads\/2024\/07\/page-histoire-LINKBUS-24-05-1024x1075.png 1024w, https:\/\/www.linkbus-alps.com\/wp-content\/uploads\/2024\/07\/page-histoire-LINKBUS-24-05-1200x1260.png 1200w, https:\/\/www.linkbus-alps.com\/wp-content\/uploads\/2024\/07\/page-histoire-LINKBUS-24-05.png 1209w\" sizes=\"(max-width: 976px) 100vw, 976px\" \/><\/figure><\/div><\/div>\n<\/div>\n\n\n\n<h2 class=\"wp-block-heading has-text-align-center\"><strong>Gilles Tristant - Technical Manager<\/strong><\/h2>\n\n\n\n<p class=\"has-text-align-center\"><em>Fleet manager since May 2011<\/em><\/p>\n\n\n\n<div class=\"wp-block-columns is-layout-flex wp-container-20 wp-block-columns-is-layout-flex\">\n<div class=\"wp-block-column is-vertically-aligned-center is-layout-flow wp-block-column-is-layout-flow\">\n<figure class=\"wp-block-image size-large is-resized\"><img decoding=\"async\" loading=\"lazy\" width=\"973\" height=\"1024\" src=\"https:\/\/www.linkbus-alps.com\/wp-content\/uploads\/2024\/07\/page-histoire-LINKBUS-24-04-973x1024.png\" alt=\"\" class=\"wp-image-80548\" style=\"width:400px\" srcset=\"https:\/\/www.linkbus-alps.com\/wp-content\/uploads\/2024\/07\/page-histoire-LINKBUS-24-04-973x1024.png 973w, https:\/\/www.linkbus-alps.com\/wp-content\/uploads\/2024\/07\/page-histoire-LINKBUS-24-04-600x631.png 600w, https:\/\/www.linkbus-alps.com\/wp-content\/uploads\/2024\/07\/page-histoire-LINKBUS-24-04-285x300.png 285w, https:\/\/www.linkbus-alps.com\/wp-content\/uploads\/2024\/07\/page-histoire-LINKBUS-24-04-768x808.png 768w, https:\/\/www.linkbus-alps.com\/wp-content\/uploads\/2024\/07\/page-histoire-LINKBUS-24-04-360x379.png 360w, https:\/\/www.linkbus-alps.com\/wp-content\/uploads\/2024\/07\/page-histoire-LINKBUS-24-04-480x505.png 480w, https:\/\/www.linkbus-alps.com\/wp-content\/uploads\/2024\/07\/page-histoire-LINKBUS-24-04-1024x1077.png 1024w, https:\/\/www.linkbus-alps.com\/wp-content\/uploads\/2024\/07\/page-histoire-LINKBUS-24-04-1200x1263.png 1200w, https:\/\/www.linkbus-alps.com\/wp-content\/uploads\/2024\/07\/page-histoire-LINKBUS-24-04.png 1206w\" sizes=\"(max-width: 973px) 100vw, 973px\" \/><\/figure>\n<\/div>\n\n\n\n<div class=\"wp-block-column is-vertically-aligned-center is-layout-flow wp-block-column-is-layout-flow\">\n<p>Gilles oversees all technical operations for the maintenance and development of the vehicle fleet, as well as all the tools and structures required to run the Group's activities.  <\/p>\n\n\n\n<p>He coordinates equipment acquisition projects.\nGilles works closely with his deputies, as well as his 8 technical and administrative assistants. <\/p>\n<\/div>\n<\/div>\n\n\n\n<div class=\"wp-block-group is-layout-constrained wp-block-group-is-layout-constrained\"><div class=\"wp-block-group__inner-container\">\n<h2 class=\"wp-block-heading has-text-align-center\">Kevin Chapelier - Chief Financial Officer<\/h2>\n\n\n\n<p class=\"has-text-align-center\"><em><em>K\u00e9vin joined the RESALP team in July 201<\/em><\/em>7<\/p>\n\n\n\n<div class=\"wp-block-columns is-layout-flex wp-container-23 wp-block-columns-is-layout-flex\">\n<div class=\"wp-block-column is-vertically-aligned-center is-layout-flow wp-block-column-is-layout-flow\">\n<p class=\"has-text-align-left\">He is responsible for Resalp's financial and accounting management, and contributes to strategic decision-making by providing a quantified analysis.<\/p>\n\n\n\n<p class=\"has-text-align-left\">Working closely with other members of the management team, K\u00e9vin develops strategies for growth, investment and optimization of resources.<\/p>\n<\/div>\n\n\n\n<div class=\"wp-block-column is-vertically-aligned-center is-layout-flow wp-block-column-is-layout-flow\"><div class=\"wp-block-image\">\n<figure class=\"alignright size-large is-resized\"><img decoding=\"async\" loading=\"lazy\" width=\"976\" height=\"1024\" src=\"https:\/\/www.linkbus-alps.com\/wp-content\/uploads\/2024\/07\/page-histoire-LINKBUS-24-06-976x1024.png\" alt=\"\" class=\"wp-image-80555\" style=\"width:400px\" srcset=\"https:\/\/www.linkbus-alps.com\/wp-content\/uploads\/2024\/07\/page-histoire-LINKBUS-24-06-976x1024.png 976w, https:\/\/www.linkbus-alps.com\/wp-content\/uploads\/2024\/07\/page-histoire-LINKBUS-24-06-600x630.png 600w, https:\/\/www.linkbus-alps.com\/wp-content\/uploads\/2024\/07\/page-histoire-LINKBUS-24-06-286x300.png 286w, https:\/\/www.linkbus-alps.com\/wp-content\/uploads\/2024\/07\/page-histoire-LINKBUS-24-06-768x806.png 768w, https:\/\/www.linkbus-alps.com\/wp-content\/uploads\/2024\/07\/page-histoire-LINKBUS-24-06-360x378.png 360w, https:\/\/www.linkbus-alps.com\/wp-content\/uploads\/2024\/07\/page-histoire-LINKBUS-24-06-480x504.png 480w, https:\/\/www.linkbus-alps.com\/wp-content\/uploads\/2024\/07\/page-histoire-LINKBUS-24-06-1024x1075.png 1024w, https:\/\/www.linkbus-alps.com\/wp-content\/uploads\/2024\/07\/page-histoire-LINKBUS-24-06-1200x1260.png 1200w, https:\/\/www.linkbus-alps.com\/wp-content\/uploads\/2024\/07\/page-histoire-LINKBUS-24-06.png 1209w\" sizes=\"(max-width: 976px) 100vw, 976px\" \/><\/figure><\/div><\/div>\n<\/div>\n<\/div><\/div>\n\n\n\n<hr class=\"wp-block-separator has-alpha-channel-opacity\"\/>\n\n\n\n<h2 class=\"wp-block-heading\">Focus on a strategy!<\/h2>\n\n\n\n<div class=\"wp-block-group is-layout-constrained wp-block-group-is-layout-constrained\"><div class=\"wp-block-group__inner-container\">\n<p>We're located right in the heart of Brian\u00e7on Serre Chevalier, a few steps from the train station and not far from the fortified town of VAUBAN.\nA \"Ville d'Art et d'Histoire\" (Town of Art and History), the old town of Brian\u00e7on and its fortifications are listed as a UNESCO World Heritage Site. <\/p>\n\n\n\n<ul>\n<li><a href=\"https:\/\/www.serre-chevalier.com\/\" target=\"_blank\" rel=\"noopener\" title=\"\">Serre Chevalier Valley<\/a>: famous for its 250 km of slopes and 101 downhill ski runs<\/li>\n\n\n\n<li><a href=\"https:\/\/montgenevre.com\/\" target=\"_blank\" rel=\"noopener\" title=\"Montgen\u00e8vre\">Montgen\u00e8vre<\/a>: camped at 1860m altitude, at the gateway to the border with Italy, giving access to the Via Lattea (Milky Way) over 400 km long.<\/li>\n\n\n\n<li><a href=\"https:\/\/www.hautesvallees.com\/la-claree\/\" target=\"_blank\" rel=\"noopener\" title=\"\">Vall\u00e9e de la Clar\u00e9e<\/a>: a listed site, renowned for its Nordic skiing, cross-country skiing, ski touring, dog sledding and, in summer, white-water sports, as well as for its flora and fauna.<\/li>\n\n\n\n<li><a href=\"https:\/\/www.pnr-queyras.fr\/\" target=\"_blank\" rel=\"noopener\" title=\"\">Queyras Regional Nature Park<\/a>: renowned for being the highest valley in the Hautes-Alpes, for its authentic, traditional character and also for its flora and fauna.<\/li>\n\n\n\n<li><a href=\"https:\/\/www.ecrins-parcnational.fr\/\" target=\"_blank\" rel=\"noopener\" title=\"\">Parc National des \u00c9crins<\/a>: a majestic site with mythical peaks and glaciers (La Meije, D\u00f4me des Ecrins, Pelvoux, Gaspard, etc.).<\/li>\n<\/ul>\n\n\n\n<p>In terms of rail transport, we're next to Brian\u00e7on SNCF station, 120 km from Grenoble TGV station and Sandro - Pertini airport in Turin Caselle, where we can pick you up or take you away at any time of the year.<\/p>\n\n\n\n<p>For further information: https: <a href=\"https:\/\/www.autocars-resalp.com\">\/\/www.autocars-resalp.com<\/a><\/p>\n<\/div><\/div>\n\n\n\n<hr class=\"wp-block-separator has-alpha-channel-opacity\"\/>\n\n\n\n<h2 class=\"wp-block-heading\">INTERVIEWS<\/h2>\n\n\n\n<div class=\"wp-block-columns is-not-stacked-on-mobile is-layout-flex wp-container-28 wp-block-columns-is-layout-flex\">\n<div class=\"wp-block-column is-vertically-aligned-top is-layout-flow wp-block-column-is-layout-flow\">\n<figure class=\"wp-block-embed is-type-video is-provider-dailymotion wp-block-embed-dailymotion wp-embed-aspect-16-9 wp-has-aspect-ratio\"><div class=\"wp-block-embed__wrapper\">\n<iframe loading=\"lazy\" title=\"D!CI TV : Resalp lance une formation sp\u00e9cialis\u00e9e pour la conduite de bus en montagne\" frameborder=\"0\" width=\"500\" height=\"281\" src=\"https:\/\/geo.dailymotion.com\/player.html?video=x5zy9mq&\" allowfullscreen allow=\"autoplay; fullscreen; picture-in-picture; web-share\"><\/iframe>\n<\/div><figcaption class=\"wp-element-caption\"><strong>Interview D'ICI TV du 09 septembre 2017<\/strong> - RESALP launches specialized training for driving buses in the mountains.<\/figcaption><\/figure>\n<\/div>\n\n\n\n<div class=\"wp-block-column is-vertically-aligned-top is-layout-flow wp-block-column-is-layout-flow\">\n<figure class=\"wp-block-embed is-type-video is-provider-youtube wp-block-embed-youtube wp-embed-aspect-16-9 wp-has-aspect-ratio\"><div class=\"wp-block-embed__wrapper\">\n<iframe loading=\"lazy\" title=\"TEAM PRINTEMPS ETE 2017\" width=\"500\" height=\"281\" src=\"https:\/\/www.youtube.com\/embed\/REZpUo8DTEk?feature=oembed\" frameborder=\"0\" allow=\"accelerometer; autoplay; clipboard-write; encrypted-media; gyroscope; picture-in-picture; web-share\" referrerpolicy=\"strict-origin-when-cross-origin\" allowfullscreen><\/iframe>\n<\/div><figcaption class=\"wp-element-caption\"><strong>Spring \/ Summer - 2017<\/strong><\/figcaption><\/figure>\n<\/div>\n<\/div>\n\n\n\n<div class=\"wp-block-columns is-not-stacked-on-mobile is-layout-flex wp-container-31 wp-block-columns-is-layout-flex\">\n<div class=\"wp-block-column is-vertically-aligned-top is-layout-flow wp-block-column-is-layout-flow\">\n<figure class=\"wp-block-embed is-type-video is-provider-vimeo wp-block-embed-vimeo wp-embed-aspect-16-9 wp-has-aspect-ratio\"><div class=\"wp-block-embed__wrapper\">\n<iframe loading=\"lazy\" title=\"Des autocars pour ceux qui ne pourront pas finir l&#039;\u00e9tape du Tour\" src=\"https:\/\/player.vimeo.com\/video\/225575653?dnt=1&amp;app_id=122963\" width=\"500\" height=\"281\" frameborder=\"0\" allow=\"autoplay; fullscreen; picture-in-picture; clipboard-write\"><\/iframe>\n<\/div><figcaption class=\"wp-element-caption\">Buses for those who can't finish the Tour!<\/figcaption><\/figure>\n<\/div>\n\n\n\n<div class=\"wp-block-column is-vertically-aligned-top is-layout-flow wp-block-column-is-layout-flow\">\n<figure class=\"wp-block-embed is-type-video is-provider-youtube wp-block-embed-youtube wp-embed-aspect-16-9 wp-has-aspect-ratio\"><div class=\"wp-block-embed__wrapper\">\n<iframe loading=\"lazy\" title=\"&quot;... une belle saison d&#039;hiver \u00e0 Serre Chevalier ...&quot;\" width=\"500\" height=\"281\" src=\"https:\/\/www.youtube.com\/embed\/URev83JO7F8?feature=oembed\" frameborder=\"0\" allow=\"accelerometer; autoplay; clipboard-write; encrypted-media; gyroscope; picture-in-picture; web-share\" referrerpolicy=\"strict-origin-when-cross-origin\" allowfullscreen><\/iframe>\n<\/div><figcaption class=\"wp-element-caption\">Winter 2016 \/ 2017 Season Review<\/figcaption><\/figure>\n<\/div>\n<\/div>\n","protected":false},"excerpt":{"rendered":"<p class=\"excerpt\">The RESALP group&#8217;s mission is to enhance the attractiveness of our region and actively contribute to opening it up. This [&hellip;]<\/p>\n","protected":false},"author":1,"featured_media":0,"parent":0,"menu_order":3,"comment_status":"closed","ping_status":"closed","template":"","meta":{"footnotes":""},"aioseo_notices":[],"_links":{"self":[{"href":"https:\/\/www.linkbus-alps.com\/en\/wp-json\/wp\/v2\/pages\/501"}],"collection":[{"href":"https:\/\/www.linkbus-alps.com\/en\/wp-json\/wp\/v2\/pages"}],"about":[{"href":"https:\/\/www.linkbus-alps.com\/en\/wp-json\/wp\/v2\/types\/page"}],"author":[{"embeddable":true,"href":"https:\/\/www.linkbus-alps.com\/en\/wp-json\/wp\/v2\/users\/1"}],"replies":[{"embeddable":true,"href":"https:\/\/www.linkbus-alps.com\/en\/wp-json\/wp\/v2\/comments?post=501"}],"version-history":[{"count":18,"href":"https:\/\/www.linkbus-alps.com\/en\/wp-json\/wp\/v2\/pages\/501\/revisions"}],"predecessor-version":[{"id":81405,"href":"https:\/\/www.linkbus-alps.com\/en\/wp-json\/wp\/v2\/pages\/501\/revisions\/81405"}],"wp:attachment":[{"href":"https:\/\/www.linkbus-alps.com\/en\/wp-json\/wp\/v2\/media?parent=501"}],"curies":[{"name":"wp","href":"https:\/\/api.w.org\/{rel}","templated":true}]}}